{"id":38,"date":"2020-10-12T13:06:16","date_gmt":"2020-10-12T13:06:16","guid":{"rendered":"https:\/\/iopf.lvps178-77-75-191.dedicated.hosteurope.de\/?page_id=38"},"modified":"2020-12-01T16:16:38","modified_gmt":"2020-12-01T16:16:38","slug":"mitwirkende","status":"publish","type":"page","link":"https:\/\/interoperabilitaetsforum.de\/index.php\/mitwirkende\/","title":{"rendered":"Mitwirkende"},"content":{"rendered":"\n<section class=\"wp-block-themeisle-blocks-advanced-columns alignfull has-2-columns has-desktop-twoOne-layout has-tablet-equal-layout has-mobile-collapsedRows-layout has-nogap-gap has-vertical-center\" id=\"wp-block-themeisle-blocks-advanced-columns-e7931e5c\"><div class=\"wp-block-themeisle-blocks-advanced-columns-overlay\"><\/div><div class=\"innerblocks-wrap\">\n<div class=\"wp-block-themeisle-blocks-advanced-column\" id=\"wp-block-themeisle-blocks-advanced-column-311d4b3f\">\n<div id=\"wp-block-themeisle-blocks-advanced-heading-740905dd\" class=\"wp-block-themeisle-blocks-advanced-heading wp-block-themeisle-blocks-advanced-heading-740905dd\"><\/div>\n\n\n\n<h2 class=\"has-text-align-left wp-block-heading\">HL7 Deutschland e. V.<\/h2>\n\n\n\n<p class=\"has-text-align-left\">Die semantische und dar\u00fcber hinaus die tats\u00e4chlich &#8222;machbare&#8220; Interoperabilit\u00e4t ist eines der vorrangigen Ziele, um eine Qualit\u00e4ts- und Effizienzsteigerung in der Patientenbehandlung zu erreichen und dabei dem Kostendruck durch eine Neugestaltung der internen und externen Abl\u00e4ufe entgegenzuwirken.<\/p>\n\n\n\n<p>Die Benutzergruppe wurde 1993 als nationale Vertretung von Health Level Seven (HL7) gegr\u00fcndet. Im Rahmen der Bekanntmachung, Verbreitung und Anpassung der verschiedenen Standards aus der HL7-Familie wurden HL7 v2.x interpretiert (\u00fcbersetzt) sowie Nachrichtenprofile f\u00fcr HL7 v2.5 und Implementierungsleitf\u00e4den f\u00fcr elektronische Dokumente (CDA) \u2013 der bekannteste ist der VHitG-Arzbrief \u2013 erarbeitet, abgestimmt und publiziert. Dar\u00fcber hinaus nimmt der Verein die deutschen Interessen zur Weiterentwicklung des Standards auf internationaler Ebene wahr.<\/p>\n<\/div>\n\n\n\n<div class=\"wp-block-themeisle-blocks-advanced-column\" id=\"wp-block-themeisle-blocks-advanced-column-49224624\">\n<figure class=\"wp-block-image size-large is-resized is-style-default\"><img decoding=\"async\" src=\"https:\/\/interoperabilitaetsforum.de\/wp-content\/uploads\/2020\/12\/HL7_DE_4-1024x586.png\" alt=\"\" class=\"wp-image-205\" width=\"256\" height=\"147\" srcset=\"https:\/\/interoperabilitaetsforum.de\/wp-content\/uploads\/2020\/12\/HL7_DE_4-1024x586.png 1024w, https:\/\/interoperabilitaetsforum.de\/wp-content\/uploads\/2020\/12\/HL7_DE_4-300x172.png 300w, https:\/\/interoperabilitaetsforum.de\/wp-content\/uploads\/2020\/12\/HL7_DE_4-768x440.png 768w, https:\/\/interoperabilitaetsforum.de\/wp-content\/uploads\/2020\/12\/HL7_DE_4-1536x880.png 1536w, https:\/\/interoperabilitaetsforum.de\/wp-content\/uploads\/2020\/12\/HL7_DE_4.png 1891w\" sizes=\"(max-width: 256px) 100vw, 256px\" \/><\/figure>\n<\/div>\n<\/div><\/section>\n\n\n\n<section class=\"wp-block-themeisle-blocks-advanced-columns alignfull has-2-columns has-desktop-twoOne-layout has-tablet-equal-layout has-mobile-collapsedRows-layout has-nogap-gap has-vertical-center\" id=\"wp-block-themeisle-blocks-advanced-columns-07a7d13a\"><div class=\"wp-block-themeisle-blocks-advanced-columns-overlay\"><\/div><div class=\"innerblocks-wrap\">\n<div class=\"wp-block-themeisle-blocks-advanced-column\" id=\"wp-block-themeisle-blocks-advanced-column-793dcc52\">\n<div id=\"wp-block-themeisle-blocks-advanced-heading-cfd584b4\" class=\"wp-block-themeisle-blocks-advanced-heading wp-block-themeisle-blocks-advanced-heading-cfd584b4\"><\/div>\n\n\n\n<h2 class=\"has-text-align-left wp-block-heading\">Integrating the Healthcare Enterprise IHE Deutschland e.V.<\/h2>\n\n\n\n<p class=\"has-text-align-left\">Die internationale Organisation IHE bildet die praktischen Anforderungen der Anwender ab. Sie entwickelt hierzu sogenannte Profile als Architekturbausteine in integrierten klinischen IT-Anwendungen. Die seit 2004 als e.V. in Deutschland aktive Initiative IHE versteht sich als Plattform zur Erarbeitung deutscher Profile und engagiert sich bei der Verbreitung der IHE-Ideen: Kooperation von Anwendern und Herstellern, Wiederverwendung von Standards, transparente Entscheidungen, freiwillige Selbst-Assessments. Als konkrete Einflussm\u00f6glichkeiten von IHE auf das deutsche Gesundheitswesen kann man die Anwendungsf\u00e4lle instituts\u00fcbergreifender Vernetzung sehen \u2013 Erfolgsmodelle sind hier Medizinische Versorgungszentren und Radiologieverb\u00fcnde. Weiterhin ber\u00e4t IHE-Deutschland die deutschen Unternehmen vor und w\u00e4hrend des \u201cconnect-a-thon\u201c.<\/p>\n<\/div>\n\n\n\n<div class=\"wp-block-themeisle-blocks-advanced-column\" id=\"wp-block-themeisle-blocks-advanced-column-890ec63e\">\n<figure class=\"wp-block-image size-large is-resized is-style-default\"><img decoding=\"async\" src=\"https:\/\/interoperabilitaetsforum.de\/wp-content\/uploads\/2020\/12\/image-7.png\" alt=\"\" class=\"wp-image-208\" width=\"375\" height=\"129\" srcset=\"https:\/\/interoperabilitaetsforum.de\/wp-content\/uploads\/2020\/12\/image-7.png 749w, https:\/\/interoperabilitaetsforum.de\/wp-content\/uploads\/2020\/12\/image-7-300x103.png 300w\" sizes=\"(max-width: 375px) 100vw, 375px\" \/><\/figure>\n<\/div>\n<\/div><\/section>\n\n\n\n<section class=\"wp-block-themeisle-blocks-advanced-columns alignfull has-2-columns has-desktop-twoOne-layout has-tablet-equal-layout has-mobile-collapsedRows-layout has-nogap-gap has-vertical-center\" id=\"wp-block-themeisle-blocks-advanced-columns-b9ab126c\"><div class=\"wp-block-themeisle-blocks-advanced-columns-overlay\"><\/div><div class=\"innerblocks-wrap\">\n<div class=\"wp-block-themeisle-blocks-advanced-column\" id=\"wp-block-themeisle-blocks-advanced-column-9b27602c\">\n<div id=\"wp-block-themeisle-blocks-advanced-heading-e6ed4d15\" class=\"wp-block-themeisle-blocks-advanced-heading wp-block-themeisle-blocks-advanced-heading-e6ed4d15\"><\/div>\n\n\n\n<h2 class=\"wp-block-heading\">Arbeitsgruppe Interoperabilit\u00e4t und Standardisierung des bvitg<\/h2>\n\n\n\n<p class=\"has-text-align-left\">Der Bundesverband Gesundheits-IT (bvitg) e.V. (ehemals Verband der Hersteller von IT im Gesundheitswesen VHitG) und seine Mitglieder unterst\u00fctzen die Standardisierung ma\u00dfgeblich. Ein Ergebnis war unter anderem die Entwicklung des VHitG-Arztbriefes.&nbsp;<br>Die AG behandelt Fragen der Kommunikation und Interoperabilit\u00e4t zwischen IT-Systemen und der Medizintechnik. Ziele sind Bewertungen oder Diskussionen aktueller Entwicklungen und dar\u00fcber hinaus die Mitarbeit an Standards oder standardisierungsnahen Initiativen.<\/p>\n<\/div>\n\n\n\n<div class=\"wp-block-themeisle-blocks-advanced-column\" id=\"wp-block-themeisle-blocks-advanced-column-bfa0dcb1\">\n<figure class=\"wp-block-image size-large is-resized is-style-default\"><img decoding=\"async\" src=\"https:\/\/interoperabilitaetsforum.de\/wp-content\/uploads\/2020\/12\/bvitg-1024x727.png\" alt=\"\" class=\"wp-image-215\" width=\"256\" height=\"182\" srcset=\"https:\/\/interoperabilitaetsforum.de\/wp-content\/uploads\/2020\/12\/bvitg-1024x727.png 1024w, https:\/\/interoperabilitaetsforum.de\/wp-content\/uploads\/2020\/12\/bvitg-300x213.png 300w, https:\/\/interoperabilitaetsforum.de\/wp-content\/uploads\/2020\/12\/bvitg-768x545.png 768w, https:\/\/interoperabilitaetsforum.de\/wp-content\/uploads\/2020\/12\/bvitg-1536x1091.png 1536w, https:\/\/interoperabilitaetsforum.de\/wp-content\/uploads\/2020\/12\/bvitg-2048x1455.png 2048w\" sizes=\"(max-width: 256px) 100vw, 256px\" \/><\/figure>\n<\/div>\n<\/div><\/section>\n\n\n\n<section class=\"wp-block-themeisle-blocks-advanced-columns alignfull has-2-columns has-desktop-twoOne-layout has-tablet-equal-layout has-mobile-collapsedRows-layout has-nogap-gap has-vertical-center\" id=\"wp-block-themeisle-blocks-advanced-columns-08a8f080\"><div class=\"wp-block-themeisle-blocks-advanced-columns-overlay\"><\/div><div class=\"innerblocks-wrap\">\n<div class=\"wp-block-themeisle-blocks-advanced-column\" id=\"wp-block-themeisle-blocks-advanced-column-89e3e744\">\n<div id=\"wp-block-themeisle-blocks-advanced-heading-a8929ab7\" class=\"wp-block-themeisle-blocks-advanced-heading wp-block-themeisle-blocks-advanced-heading-a8929ab7\"><\/div>\n\n\n\n<h2 class=\"has-text-align-left wp-block-heading\">DIN Normenausschuss Medizin<\/h2>\n\n\n\n<p class=\"has-text-align-left\">Zur Abstimmung deutscher Belange mit der internationalen und europ\u00e4ischen Standardisierung ist das DIN aktiv und \u00fcber den Fachbereich Medizinische Informatik im Normenausschuss Medizintechnik des DIN mit dem Interoperabilit\u00e4tsforum eng verbunden. Der Fachbereich l\u00e4dt alle interessierten Kreise ein, die internationalen Arbeiten zu begutachten, deutsche Stellungnahmen zur Weiterleitung an CEN, ISO und IEC zu erstellen sowie neue Standardisierungsprojekte zu initiieren. Auf diese Weise wird die Arbeit des Interoperabilit\u00e4tsforums international eingebunden und die Transparenz verst\u00e4rkt.<\/p>\n<\/div>\n\n\n\n<div class=\"wp-block-themeisle-blocks-advanced-column\" id=\"wp-block-themeisle-blocks-advanced-column-e159dfda\">\n<figure class=\"wp-block-image size-large is-resized is-style-default\"><img loading=\"lazy\" decoding=\"async\" src=\"https:\/\/interoperabilitaetsforum.de\/wp-content\/uploads\/2020\/12\/image-8.png\" alt=\"\" class=\"wp-image-217\" width=\"198\" height=\"70\"\/><\/figure>\n<\/div>\n<\/div><\/section>\n\n\n\n<section class=\"wp-block-themeisle-blocks-advanced-columns alignfull has-2-columns has-desktop-twoOne-layout has-tablet-equal-layout has-mobile-collapsedRows-layout has-nogap-gap has-vertical-center\" id=\"wp-block-themeisle-blocks-advanced-columns-0faba5e4\"><div class=\"wp-block-themeisle-blocks-advanced-columns-overlay\"><\/div><div class=\"innerblocks-wrap\">\n<div class=\"wp-block-themeisle-blocks-advanced-column\" id=\"wp-block-themeisle-blocks-advanced-column-4b5a5cea\">\n<div id=\"wp-block-themeisle-blocks-advanced-heading-d768594d\" class=\"wp-block-themeisle-blocks-advanced-heading wp-block-themeisle-blocks-advanced-heading-d768594d\"><\/div>\n\n\n\n<h2 class=\"has-text-align-left wp-block-heading\">eGesundheit.nrw<\/h2>\n\n\n\n<p class=\"has-text-align-left\">In der Landesinitiative eGesundheit.nrw b\u00fcndelt das Ministerium f\u00fcr Gesundheit, Emanzi\u00adpation, Pflege und Alter des Landes Nordrhein-Westfalen Pilotprojekte (z.B. EPA 2015), die dem Aufbau einer Telematik-Infrastruktur f\u00fcr das Gesundheitswesen dienen. Ziel ist der sektor\u00fcbergreifende Informationsaustausch im Gesundheitswesen auf Grundlage einer offenen, standardbasierten Telematik-Infrastruktur, die die Interoperabilit\u00e4t von Gesundheitstelematikanwendungen gew\u00e4hrleistet.<\/p>\n<\/div>\n\n\n\n<div class=\"wp-block-themeisle-blocks-advanced-column\" id=\"wp-block-themeisle-blocks-advanced-column-493691e4\">\n<figure class=\"wp-block-image size-large is-resized is-style-default\"><img loading=\"lazy\" decoding=\"async\" src=\"https:\/\/interoperabilitaetsforum.de\/wp-content\/uploads\/2020\/12\/image-9.png\" alt=\"\" class=\"wp-image-219\" width=\"292\" height=\"47\" srcset=\"https:\/\/interoperabilitaetsforum.de\/wp-content\/uploads\/2020\/12\/image-9.png 389w, https:\/\/interoperabilitaetsforum.de\/wp-content\/uploads\/2020\/12\/image-9-300x48.png 300w\" sizes=\"(max-width: 292px) 100vw, 292px\" \/><\/figure>\n<\/div>\n<\/div><\/section>\n\n\n\n<section class=\"wp-block-themeisle-blocks-advanced-columns alignfull has-2-columns has-desktop-twoOne-layout has-tablet-equal-layout has-mobile-collapsedRows-layout has-nogap-gap has-vertical-center\" id=\"wp-block-themeisle-blocks-advanced-columns-6a724624\"><div class=\"wp-block-themeisle-blocks-advanced-columns-overlay\"><\/div><div class=\"innerblocks-wrap\">\n<div class=\"wp-block-themeisle-blocks-advanced-column\" id=\"wp-block-themeisle-blocks-advanced-column-ec0a9355\">\n<div id=\"wp-block-themeisle-blocks-advanced-heading-4d82bec0\" class=\"wp-block-themeisle-blocks-advanced-heading wp-block-themeisle-blocks-advanced-heading-4d82bec0\"><\/div>\n\n\n\n<h2 class=\"has-text-align-left wp-block-heading\">GMDS Arbeitsgruppe Standards f\u00fcr Interoperabilit\u00e4t und elektronische Gesundheitsakten (SIE)<\/h2>\n\n\n\n<p>Die GMDS-AG \u201cStandards f\u00fcr Interoperabilit\u00e4t und elektronische Gesundheitsakten\u201d (SIE) stellt sich der Herausforderung, die Standardisierungsaktivit\u00e4ten auf dem Gebiet der Spezifikationen sowie der Architektur- und Designprinzipien zur Sicherung der Interoperabilit\u00e4t von Informationssystemen bzw. Systemkomponenten mit besonderem Augenmerk auf die Kernapplikation von eHealth-Umgebungen, die elektronische Gesundheitsakte oder international der Electronic Health Record (EHR) bzw. Personal Health Record (PHR), zu f\u00f6rdern. Ein wichtiges Ziel ist es, den Gegenstand, den Prozess und die Ergebnisse der Standardisierung zu verbreiten und damit zur Akzeptanz und Weiterentwicklung der \u201cStandards f\u00fcr Kommunikation und Interoperabilit\u00e4t\u201d durch Industrie sowie Anwender unter besonderer Ber\u00fccksichtigung des Electronic Health Record beizutragen.<\/p>\n<\/div>\n\n\n\n<div class=\"wp-block-themeisle-blocks-advanced-column\" id=\"wp-block-themeisle-blocks-advanced-column-350955e9\">\n<figure class=\"wp-block-image size-large is-resized is-style-default\"><img loading=\"lazy\" decoding=\"async\" src=\"https:\/\/interoperabilitaetsforum.de\/wp-content\/uploads\/2020\/12\/gmds.png\" alt=\"\" class=\"wp-image-222\" width=\"317\" height=\"100\" srcset=\"https:\/\/interoperabilitaetsforum.de\/wp-content\/uploads\/2020\/12\/gmds.png 634w, https:\/\/interoperabilitaetsforum.de\/wp-content\/uploads\/2020\/12\/gmds-300x95.png 300w\" sizes=\"(max-width: 317px) 100vw, 317px\" \/><\/figure>\n<\/div>\n<\/div><\/section>\n","protected":false},"excerpt":{"rendered":"","protected":false},"author":1,"featured_media":0,"parent":0,"menu_order":0,"comment_status":"closed","ping_status":"closed","template":"","meta":{"footnotes":""},"class_list":["post-38","page","type-page","status-publish","hentry"],"yoast_head":"<!-- This site is optimized with the Yoast SEO plugin v25.0 - https:\/\/yoast.com\/wordpress\/plugins\/seo\/ -->\n<title>Mitwirkende - Das&nbsp;Interoperabilit\u00e4tsforum<\/title>\n<meta name=\"robots\" content=\"noindex, follow, max-snippet:-1, max-image-preview:large, max-video-preview:-1\" \/>\n<meta property=\"og:locale\" content=\"de_DE\" \/>\n<meta property=\"og:type\" content=\"article\" \/>\n<meta property=\"og:title\" content=\"Mitwirkende - Das&nbsp;Interoperabilit\u00e4tsforum\" \/>\n<meta property=\"og:url\" content=\"https:\/\/interoperabilitaetsforum.de\/index.php\/mitwirkende\/\" \/>\n<meta property=\"og:site_name\" content=\"Das&nbsp;Interoperabilit\u00e4tsforum\" \/>\n<meta property=\"article:modified_time\" content=\"2020-12-01T16:16:38+00:00\" \/>\n<meta property=\"og:image\" content=\"https:\/\/interoperabilitaetsforum.de\/wp-content\/uploads\/2020\/12\/HL7_DE_4-1024x586.png\" \/>\n<meta name=\"twitter:card\" content=\"summary_large_image\" \/>\n<meta name=\"twitter:label1\" content=\"Gesch\u00e4tzte Lesezeit\" \/>\n\t<meta name=\"twitter:data1\" content=\"3\u00a0Minuten\" \/>\n<script type=\"application\/ld+json\" class=\"yoast-schema-graph\">{\"@context\":\"https:\/\/schema.org\",\"@graph\":[{\"@type\":\"WebPage\",\"@id\":\"https:\/\/interoperabilitaetsforum.de\/index.php\/mitwirkende\/\",\"url\":\"https:\/\/interoperabilitaetsforum.de\/index.php\/mitwirkende\/\",\"name\":\"Mitwirkende - Das&nbsp;Interoperabilit\u00e4tsforum\",\"isPartOf\":{\"@id\":\"https:\/\/interoperabilitaetsforum.de\/#website\"},\"primaryImageOfPage\":{\"@id\":\"https:\/\/interoperabilitaetsforum.de\/index.php\/mitwirkende\/#primaryimage\"},\"image\":{\"@id\":\"https:\/\/interoperabilitaetsforum.de\/index.php\/mitwirkende\/#primaryimage\"},\"thumbnailUrl\":\"https:\/\/interoperabilitaetsforum.de\/wp-content\/uploads\/2020\/12\/HL7_DE_4-1024x586.png\",\"datePublished\":\"2020-10-12T13:06:16+00:00\",\"dateModified\":\"2020-12-01T16:16:38+00:00\",\"breadcrumb\":{\"@id\":\"https:\/\/interoperabilitaetsforum.de\/index.php\/mitwirkende\/#breadcrumb\"},\"inLanguage\":\"de\",\"potentialAction\":[{\"@type\":\"ReadAction\",\"target\":[\"https:\/\/interoperabilitaetsforum.de\/index.php\/mitwirkende\/\"]}]},{\"@type\":\"ImageObject\",\"inLanguage\":\"de\",\"@id\":\"https:\/\/interoperabilitaetsforum.de\/index.php\/mitwirkende\/#primaryimage\",\"url\":\"https:\/\/interoperabilitaetsforum.de\/wp-content\/uploads\/2020\/12\/HL7_DE_4.png\",\"contentUrl\":\"https:\/\/interoperabilitaetsforum.de\/wp-content\/uploads\/2020\/12\/HL7_DE_4.png\",\"width\":1891,\"height\":1083},{\"@type\":\"BreadcrumbList\",\"@id\":\"https:\/\/interoperabilitaetsforum.de\/index.php\/mitwirkende\/#breadcrumb\",\"itemListElement\":[{\"@type\":\"ListItem\",\"position\":1,\"name\":\"Home\",\"item\":\"https:\/\/interoperabilitaetsforum.de\/\"},{\"@type\":\"ListItem\",\"position\":2,\"name\":\"Mitwirkende\"}]},{\"@type\":\"WebSite\",\"@id\":\"https:\/\/interoperabilitaetsforum.de\/#website\",\"url\":\"https:\/\/interoperabilitaetsforum.de\/\",\"name\":\"Das&nbsp;Interoperabilit\u00e4tsforum\",\"description\":\"Willkommen beim Interoperabilit\u00e4tsforum\",\"potentialAction\":[{\"@type\":\"SearchAction\",\"target\":{\"@type\":\"EntryPoint\",\"urlTemplate\":\"https:\/\/interoperabilitaetsforum.de\/?s={search_term_string}\"},\"query-input\":{\"@type\":\"PropertyValueSpecification\",\"valueRequired\":true,\"valueName\":\"search_term_string\"}}],\"inLanguage\":\"de\"}]}<\/script>\n<!-- \/ Yoast SEO plugin. -->","yoast_head_json":{"title":"Mitwirkende - Das&nbsp;Interoperabilit\u00e4tsforum","robots":{"index":"noindex","follow":"follow","max-snippet":"max-snippet:-1","max-image-preview":"max-image-preview:large","max-video-preview":"max-video-preview:-1"},"og_locale":"de_DE","og_type":"article","og_title":"Mitwirkende - Das&nbsp;Interoperabilit\u00e4tsforum","og_url":"https:\/\/interoperabilitaetsforum.de\/index.php\/mitwirkende\/","og_site_name":"Das&nbsp;Interoperabilit\u00e4tsforum","article_modified_time":"2020-12-01T16:16:38+00:00","og_image":[{"url":"https:\/\/interoperabilitaetsforum.de\/wp-content\/uploads\/2020\/12\/HL7_DE_4-1024x586.png","type":"","width":"","height":""}],"twitter_card":"summary_large_image","twitter_misc":{"Gesch\u00e4tzte Lesezeit":"3\u00a0Minuten"},"schema":{"@context":"https:\/\/schema.org","@graph":[{"@type":"WebPage","@id":"https:\/\/interoperabilitaetsforum.de\/index.php\/mitwirkende\/","url":"https:\/\/interoperabilitaetsforum.de\/index.php\/mitwirkende\/","name":"Mitwirkende - Das&nbsp;Interoperabilit\u00e4tsforum","isPartOf":{"@id":"https:\/\/interoperabilitaetsforum.de\/#website"},"primaryImageOfPage":{"@id":"https:\/\/interoperabilitaetsforum.de\/index.php\/mitwirkende\/#primaryimage"},"image":{"@id":"https:\/\/interoperabilitaetsforum.de\/index.php\/mitwirkende\/#primaryimage"},"thumbnailUrl":"https:\/\/interoperabilitaetsforum.de\/wp-content\/uploads\/2020\/12\/HL7_DE_4-1024x586.png","datePublished":"2020-10-12T13:06:16+00:00","dateModified":"2020-12-01T16:16:38+00:00","breadcrumb":{"@id":"https:\/\/interoperabilitaetsforum.de\/index.php\/mitwirkende\/#breadcrumb"},"inLanguage":"de","potentialAction":[{"@type":"ReadAction","target":["https:\/\/interoperabilitaetsforum.de\/index.php\/mitwirkende\/"]}]},{"@type":"ImageObject","inLanguage":"de","@id":"https:\/\/interoperabilitaetsforum.de\/index.php\/mitwirkende\/#primaryimage","url":"https:\/\/interoperabilitaetsforum.de\/wp-content\/uploads\/2020\/12\/HL7_DE_4.png","contentUrl":"https:\/\/interoperabilitaetsforum.de\/wp-content\/uploads\/2020\/12\/HL7_DE_4.png","width":1891,"height":1083},{"@type":"BreadcrumbList","@id":"https:\/\/interoperabilitaetsforum.de\/index.php\/mitwirkende\/#breadcrumb","itemListElement":[{"@type":"ListItem","position":1,"name":"Home","item":"https:\/\/interoperabilitaetsforum.de\/"},{"@type":"ListItem","position":2,"name":"Mitwirkende"}]},{"@type":"WebSite","@id":"https:\/\/interoperabilitaetsforum.de\/#website","url":"https:\/\/interoperabilitaetsforum.de\/","name":"Das&nbsp;Interoperabilit\u00e4tsforum","description":"Willkommen beim Interoperabilit\u00e4tsforum","potentialAction":[{"@type":"SearchAction","target":{"@type":"EntryPoint","urlTemplate":"https:\/\/interoperabilitaetsforum.de\/?s={search_term_string}"},"query-input":{"@type":"PropertyValueSpecification","valueRequired":true,"valueName":"search_term_string"}}],"inLanguage":"de"}]}},"_links":{"self":[{"href":"https:\/\/interoperabilitaetsforum.de\/index.php\/wp-json\/wp\/v2\/pages\/38","targetHints":{"allow":["GET"]}}],"collection":[{"href":"https:\/\/interoperabilitaetsforum.de\/index.php\/wp-json\/wp\/v2\/pages"}],"about":[{"href":"https:\/\/interoperabilitaetsforum.de\/index.php\/wp-json\/wp\/v2\/types\/page"}],"author":[{"embeddable":true,"href":"https:\/\/interoperabilitaetsforum.de\/index.php\/wp-json\/wp\/v2\/users\/1"}],"replies":[{"embeddable":true,"href":"https:\/\/interoperabilitaetsforum.de\/index.php\/wp-json\/wp\/v2\/comments?post=38"}],"version-history":[{"count":16,"href":"https:\/\/interoperabilitaetsforum.de\/index.php\/wp-json\/wp\/v2\/pages\/38\/revisions"}],"predecessor-version":[{"id":227,"href":"https:\/\/interoperabilitaetsforum.de\/index.php\/wp-json\/wp\/v2\/pages\/38\/revisions\/227"}],"wp:attachment":[{"href":"https:\/\/interoperabilitaetsforum.de\/index.php\/wp-json\/wp\/v2\/media?parent=38"}],"curies":[{"name":"wp","href":"https:\/\/api.w.org\/{rel}","templated":true}]}}