{"id":2,"date":"2020-10-02T07:30:23","date_gmt":"2020-10-02T07:30:23","guid":{"rendered":"https:\/\/iopf.lvps178-77-75-191.dedicated.hosteurope.de\/?page_id=2"},"modified":"2025-03-03T11:38:30","modified_gmt":"2025-03-03T11:38:30","slug":"sample-page","status":"publish","type":"page","link":"https:\/\/interoperabilitaetsforum.de\/","title":{"rendered":"\u00dcber uns"},"content":{"rendered":"\n<p>Das Interoperabilit\u00e4tsforum wird gemeinsam von den Initiatoren <a href=\"http:\/\/www.hl7.de\/\">HL7 Deutschland<\/a>\u00a0(den technischen Komitees), <a href=\"http:\/\/www.ihe-d.de\/\">IHE Deutschland<\/a>, der\u00a0<a href=\"https:\/\/www.bvitg.de\/arbeits-und-projektgruppen\/arbeitsgruppen\/ag-interop\/\">Arbeitsgruppe Interoperabilit\u00e4t und Standardisierung <\/a>des <a href=\"https:\/\/www.bvitg.de\">Bundesverband Gesundheits-IT bvitg e. V.<\/a> (ehemals VHitG),  dem\u00a0<a href=\"http:\/\/www.named.din.de\/\">Fachbereich Medizinische Informatik des Deutschen Instituts f\u00fcr Normung (DIN)<\/a>\u00a0sowie\u00a0<a href=\"https:\/\/interoperabilitaetsforum.de\/index.php\/mitwirkende\/\">weiteren Mitwirkenden<\/a> veranstaltet. Es wird unterst\u00fctzt von verschiedenen Hochschulen, dem\u00a0<a href=\"http:\/\/www.bfarmi.de\/\">Bundesinstitut f\u00fcr Arzneimittel und Medizinprodukte (BfArM)<\/a> und der\u00a0<a href=\"http:\/\/www.gematik.de\/\">gematik<\/a>.<\/p>\n\n\n\n<p>Auf diesen Treffen werden Fragen und Probleme der Interoperabilit\u00e4t in der Kommunikation zwischen verschiedenen Anwendungen vorgestellt, L\u00f6sungsans\u00e4tze daf\u00fcr eruiert und darauf aufbauend entsprechende Aktivit\u00e4ten festgelegt. Die Punkte werden themenweise besprochen und sind nicht abh\u00e4ngig von der daf\u00fcr zust\u00e4ndigen Gruppe.<\/p>\n\n\n\n<p><strong>Lesen Sie hier weitere&nbsp;Informationen&nbsp;\u00fcber das&nbsp;<a href=\"https:\/\/interoperabilitaetsforum.de\/index.php\/163-2\/\">Interoperabilit\u00e4tsforum<\/a>&nbsp;und&nbsp;\u00fcber die&nbsp;<a href=\"https:\/\/interoperabilitaetsforum.de\/index.php\/mitwirkende\/\">mitwirkenden Organisationen<\/a>.<\/strong><\/p>\n\n\n\n<p>Das Interoperabilit\u00e4tsforum trifft sich&nbsp;<a href=\"http:\/\/interoperabilitaetsforum.de\/index.php\/termine.html\">vier Mal im Jahr<\/a>&nbsp;f\u00fcr jeweils zwei Tage, entweder live oder online.&nbsp;Die Arbeitsergebnisse, Agendas usw. sind&nbsp;\u00fcber das&nbsp;<a href=\"http:\/\/wiki.hl7.de\/\">gemeinsame Wiki-Portal<\/a>&nbsp;f\u00fcr das Interoperabilit\u00e4tsforum erreichbar, das von HL7 Deutschland e.V. bereitgestellt wird.<\/p>\n\n\n\n<p><\/p>\n","protected":false},"excerpt":{"rendered":"<p>Das Interoperabilit\u00e4tsforum wird gemeinsam von den Initiatoren HL7 Deutschland\u00a0(den technischen Komitees), IHE Deutschland, der\u00a0Arbeitsgruppe Interoperabilit\u00e4t und Standardisierung des Bundesverband Gesundheits-IT bvitg e. V. (ehemals VHitG), dem\u00a0Fachbereich Medizinische Informatik des Deutschen Instituts f\u00fcr Normung (DIN)\u00a0sowie\u00a0weiteren Mitwirkenden veranstaltet. Es wird unterst\u00fctzt von verschiedenen Hochschulen, dem\u00a0Bundesinstitut f\u00fcr Arzneimittel und Medizinprodukte (BfArM) und der\u00a0gematik. [&hellip;]<\/p>\n","protected":false},"author":1,"featured_media":0,"parent":0,"menu_order":0,"comment_status":"closed","ping_status":"open","template":"","meta":{"footnotes":""},"class_list":["post-2","page","type-page","status-publish","hentry"],"yoast_head":"<!-- This site is optimized with the Yoast SEO plugin v25.0 - https:\/\/yoast.com\/wordpress\/plugins\/seo\/ -->\n<title>\u00dcber uns - Das&nbsp;Interoperabilit\u00e4tsforum<\/title>\n<meta name=\"robots\" content=\"noindex, follow, max-snippet:-1, max-image-preview:large, max-video-preview:-1\" \/>\n<meta property=\"og:locale\" content=\"de_DE\" \/>\n<meta property=\"og:type\" content=\"article\" \/>\n<meta property=\"og:title\" content=\"\u00dcber uns - Das&nbsp;Interoperabilit\u00e4tsforum\" \/>\n<meta property=\"og:description\" content=\"Das Interoperabilit\u00e4tsforum wird gemeinsam von den Initiatoren HL7 Deutschland\u00a0(den technischen Komitees), IHE Deutschland, der\u00a0Arbeitsgruppe Interoperabilit\u00e4t und Standardisierung des Bundesverband Gesundheits-IT bvitg e. V. (ehemals VHitG), dem\u00a0Fachbereich Medizinische Informatik des Deutschen Instituts f\u00fcr Normung (DIN)\u00a0sowie\u00a0weiteren Mitwirkenden veranstaltet. Es wird unterst\u00fctzt von verschiedenen Hochschulen, dem\u00a0Bundesinstitut f\u00fcr Arzneimittel und Medizinprodukte (BfArM) und der\u00a0gematik. [&hellip;]\" \/>\n<meta property=\"og:url\" content=\"https:\/\/interoperabilitaetsforum.de\/\" \/>\n<meta property=\"og:site_name\" content=\"Das&nbsp;Interoperabilit\u00e4tsforum\" \/>\n<meta property=\"article:modified_time\" content=\"2025-03-03T11:38:30+00:00\" \/>\n<meta name=\"twitter:card\" content=\"summary_large_image\" \/>\n<meta name=\"twitter:label1\" content=\"Gesch\u00e4tzte Lesezeit\" \/>\n\t<meta name=\"twitter:data1\" content=\"1\u00a0Minute\" \/>\n<script type=\"application\/ld+json\" class=\"yoast-schema-graph\">{\"@context\":\"https:\/\/schema.org\",\"@graph\":[{\"@type\":\"WebPage\",\"@id\":\"https:\/\/interoperabilitaetsforum.de\/\",\"url\":\"https:\/\/interoperabilitaetsforum.de\/\",\"name\":\"\u00dcber uns - Das&nbsp;Interoperabilit\u00e4tsforum\",\"isPartOf\":{\"@id\":\"https:\/\/interoperabilitaetsforum.de\/#website\"},\"datePublished\":\"2020-10-02T07:30:23+00:00\",\"dateModified\":\"2025-03-03T11:38:30+00:00\",\"breadcrumb\":{\"@id\":\"https:\/\/interoperabilitaetsforum.de\/#breadcrumb\"},\"inLanguage\":\"de\",\"potentialAction\":[{\"@type\":\"ReadAction\",\"target\":[\"https:\/\/interoperabilitaetsforum.de\/\"]}]},{\"@type\":\"BreadcrumbList\",\"@id\":\"https:\/\/interoperabilitaetsforum.de\/#breadcrumb\",\"itemListElement\":[{\"@type\":\"ListItem\",\"position\":1,\"name\":\"Home\",\"item\":\"https:\/\/interoperabilitaetsforum.de\/\"},{\"@type\":\"ListItem\",\"position\":2,\"name\":\"\u00dcber uns\"}]},{\"@type\":\"WebSite\",\"@id\":\"https:\/\/interoperabilitaetsforum.de\/#website\",\"url\":\"https:\/\/interoperabilitaetsforum.de\/\",\"name\":\"Das&nbsp;Interoperabilit\u00e4tsforum\",\"description\":\"Willkommen beim Interoperabilit\u00e4tsforum\",\"potentialAction\":[{\"@type\":\"SearchAction\",\"target\":{\"@type\":\"EntryPoint\",\"urlTemplate\":\"https:\/\/interoperabilitaetsforum.de\/?s={search_term_string}\"},\"query-input\":{\"@type\":\"PropertyValueSpecification\",\"valueRequired\":true,\"valueName\":\"search_term_string\"}}],\"inLanguage\":\"de\"}]}<\/script>\n<!-- \/ Yoast SEO plugin. -->","yoast_head_json":{"title":"\u00dcber uns - Das&nbsp;Interoperabilit\u00e4tsforum","robots":{"index":"noindex","follow":"follow","max-snippet":"max-snippet:-1","max-image-preview":"max-image-preview:large","max-video-preview":"max-video-preview:-1"},"og_locale":"de_DE","og_type":"article","og_title":"\u00dcber uns - Das&nbsp;Interoperabilit\u00e4tsforum","og_description":"Das Interoperabilit\u00e4tsforum wird gemeinsam von den Initiatoren HL7 Deutschland\u00a0(den technischen Komitees), IHE Deutschland, der\u00a0Arbeitsgruppe Interoperabilit\u00e4t und Standardisierung des Bundesverband Gesundheits-IT bvitg e. V. (ehemals VHitG), dem\u00a0Fachbereich Medizinische Informatik des Deutschen Instituts f\u00fcr Normung (DIN)\u00a0sowie\u00a0weiteren Mitwirkenden veranstaltet. Es wird unterst\u00fctzt von verschiedenen Hochschulen, dem\u00a0Bundesinstitut f\u00fcr Arzneimittel und Medizinprodukte (BfArM) und der\u00a0gematik. [&hellip;]","og_url":"https:\/\/interoperabilitaetsforum.de\/","og_site_name":"Das&nbsp;Interoperabilit\u00e4tsforum","article_modified_time":"2025-03-03T11:38:30+00:00","twitter_card":"summary_large_image","twitter_misc":{"Gesch\u00e4tzte Lesezeit":"1\u00a0Minute"},"schema":{"@context":"https:\/\/schema.org","@graph":[{"@type":"WebPage","@id":"https:\/\/interoperabilitaetsforum.de\/","url":"https:\/\/interoperabilitaetsforum.de\/","name":"\u00dcber uns - Das&nbsp;Interoperabilit\u00e4tsforum","isPartOf":{"@id":"https:\/\/interoperabilitaetsforum.de\/#website"},"datePublished":"2020-10-02T07:30:23+00:00","dateModified":"2025-03-03T11:38:30+00:00","breadcrumb":{"@id":"https:\/\/interoperabilitaetsforum.de\/#breadcrumb"},"inLanguage":"de","potentialAction":[{"@type":"ReadAction","target":["https:\/\/interoperabilitaetsforum.de\/"]}]},{"@type":"BreadcrumbList","@id":"https:\/\/interoperabilitaetsforum.de\/#breadcrumb","itemListElement":[{"@type":"ListItem","position":1,"name":"Home","item":"https:\/\/interoperabilitaetsforum.de\/"},{"@type":"ListItem","position":2,"name":"\u00dcber uns"}]},{"@type":"WebSite","@id":"https:\/\/interoperabilitaetsforum.de\/#website","url":"https:\/\/interoperabilitaetsforum.de\/","name":"Das&nbsp;Interoperabilit\u00e4tsforum","description":"Willkommen beim Interoperabilit\u00e4tsforum","potentialAction":[{"@type":"SearchAction","target":{"@type":"EntryPoint","urlTemplate":"https:\/\/interoperabilitaetsforum.de\/?s={search_term_string}"},"query-input":{"@type":"PropertyValueSpecification","valueRequired":true,"valueName":"search_term_string"}}],"inLanguage":"de"}]}},"_links":{"self":[{"href":"https:\/\/interoperabilitaetsforum.de\/index.php\/wp-json\/wp\/v2\/pages\/2","targetHints":{"allow":["GET"]}}],"collection":[{"href":"https:\/\/interoperabilitaetsforum.de\/index.php\/wp-json\/wp\/v2\/pages"}],"about":[{"href":"https:\/\/interoperabilitaetsforum.de\/index.php\/wp-json\/wp\/v2\/types\/page"}],"author":[{"embeddable":true,"href":"https:\/\/interoperabilitaetsforum.de\/index.php\/wp-json\/wp\/v2\/users\/1"}],"replies":[{"embeddable":true,"href":"https:\/\/interoperabilitaetsforum.de\/index.php\/wp-json\/wp\/v2\/comments?post=2"}],"version-history":[{"count":21,"href":"https:\/\/interoperabilitaetsforum.de\/index.php\/wp-json\/wp\/v2\/pages\/2\/revisions"}],"predecessor-version":[{"id":463,"href":"https:\/\/interoperabilitaetsforum.de\/index.php\/wp-json\/wp\/v2\/pages\/2\/revisions\/463"}],"wp:attachment":[{"href":"https:\/\/interoperabilitaetsforum.de\/index.php\/wp-json\/wp\/v2\/media?parent=2"}],"curies":[{"name":"wp","href":"https:\/\/api.w.org\/{rel}","templated":true}]}}