{"id":163,"date":"2020-12-01T13:27:51","date_gmt":"2020-12-01T13:27:51","guid":{"rendered":"https:\/\/iopf.lvps178-77-75-191.dedicated.hosteurope.de\/?page_id=163"},"modified":"2023-05-30T12:37:33","modified_gmt":"2023-05-30T12:37:33","slug":"mit-interoperabilitaet-voraus","status":"publish","type":"page","link":"https:\/\/interoperabilitaetsforum.de\/index.php\/mit-interoperabilitaet-voraus\/","title":{"rendered":"Mit Interoperabilit\u00e4t voraus!"},"content":{"rendered":"\n<section class=\"wp-block-themeisle-blocks-advanced-columns alignfull has-2-columns has-desktop-equal-layout has-tablet-equal-layout has-mobile-collapsedRows-layout has-nogap-gap has-vertical-flex-start\" id=\"wp-block-themeisle-blocks-advanced-columns-7ce45547\"><div class=\"wp-block-themeisle-blocks-advanced-columns-overlay\"><\/div><div class=\"innerblocks-wrap\">\n<div class=\"wp-block-themeisle-blocks-advanced-column\" id=\"wp-block-themeisle-blocks-advanced-column-7c09749a\">\n<h2 class=\"has-text-align-left wp-block-heading\">Interoperabilit\u00e4tsforum<\/h2>\n<\/div>\n\n\n\n<div class=\"wp-block-themeisle-blocks-advanced-column\" id=\"wp-block-themeisle-blocks-advanced-column-22c1f3d4\">\n<p class=\"has-drop-cap has-text-align-left\">Die semantische und dar\u00fcber hinaus die tats\u00e4chlich &#8222;machbare&#8220; Interoperabilit\u00e4t ist eines der vorrangigen Ziele, um eine Qualit\u00e4ts- und Effizienzsteigerung in der Patientenbehandlung zu erreichen und dabei dem Kostendruck durch eine Neugestaltung der internen und externen Abl\u00e4ufe entgegenzuwirken.<\/p>\n<\/div>\n<\/div><\/section>\n\n\n\n<section class=\"wp-block-themeisle-blocks-advanced-columns alignfull has-2-columns has-desktop-equal-layout has-tablet-equal-layout has-mobile-collapsedRows-layout has-nogap-gap has-vertical-flex-start\" id=\"wp-block-themeisle-blocks-advanced-columns-5db8363e\"><div class=\"wp-block-themeisle-blocks-advanced-columns-overlay\"><\/div><div class=\"innerblocks-wrap\">\n<div class=\"wp-block-themeisle-blocks-advanced-column\" id=\"wp-block-themeisle-blocks-advanced-column-175b6789\">\n<h2 class=\"has-text-align-left wp-block-heading\">Kr\u00e4fte b\u00fcndeln<\/h2>\n<\/div>\n\n\n\n<div class=\"wp-block-themeisle-blocks-advanced-column\" id=\"wp-block-themeisle-blocks-advanced-column-2e8273fc\">\n<p class=\"has-drop-cap\">Dieses \u00fcbergreifende Ziel k\u00f6nnen einzelne Gruppen nicht erreichen. Es gilt, die Kr\u00e4fte zu b\u00fcndeln. Aus diesem Grund wurde 2009 das so genannte &#8222;Interoperabilit\u00e4tsforum&#8220; ins Leben gerufen. Von&nbsp;<a href=\"http:\/\/www.hl7.de\/\">HL7 Deutschland<\/a>,&nbsp;<a href=\"http:\/\/www.ihe-d.de\/\">IHE Deutschland<\/a>, sowie der&nbsp;<a href=\"http:\/\/www.bvitg.de\/bvitg-arbeitsgruppe-interoperabilitaet.html\">AG Interoperabilit\u00e4t des bvitg&nbsp;<\/a>(ehemals VHitG) und dem&nbsp;<a href=\"http:\/\/www.named.din.de\/\">Fachbereich Medizinische Informatik des DIN&nbsp;<\/a>initiiert, wird dieses Treffen vier mal im Jahr an wechselnden Orten veranstaltet.<\/p>\n\n\n\n<figure class=\"wp-block-image size-large is-style-rounded\"><img fetchpriority=\"high\" decoding=\"async\" width=\"1024\" height=\"768\" src=\"https:\/\/interoperabilitaetsforum.de\/wp-content\/uploads\/2021\/01\/IMG_8485-1024x768.jpeg\" alt=\"\" class=\"wp-image-392\" srcset=\"https:\/\/interoperabilitaetsforum.de\/wp-content\/uploads\/2021\/01\/IMG_8485-1024x768.jpeg 1024w, https:\/\/interoperabilitaetsforum.de\/wp-content\/uploads\/2021\/01\/IMG_8485-300x225.jpeg 300w, https:\/\/interoperabilitaetsforum.de\/wp-content\/uploads\/2021\/01\/IMG_8485-768x576.jpeg 768w, https:\/\/interoperabilitaetsforum.de\/wp-content\/uploads\/2021\/01\/IMG_8485-1536x1152.jpeg 1536w, https:\/\/interoperabilitaetsforum.de\/wp-content\/uploads\/2021\/01\/IMG_8485.jpeg 2016w\" sizes=\"(max-width: 1024px) 100vw, 1024px\" \/><figcaption><em>Typisches Treffen des Interoperabilit\u00e4tsforums, ob live oder virtuell, immer mit viel Expertise und Interesse.<\/em><\/figcaption><\/figure>\n\n\n\n<p>Hier werden Entwicklungen, Fragen und Probleme der Interoperabilit\u00e4t in der Kommunikation zwischen IT-Anwendungen vorgestellt sowie L\u00f6sungsans\u00e4tze eruiert und weitere Aktivit\u00e4ten festgelegt. Fragen werden themenweise besprochen und sind nicht abh\u00e4ngig von der daf\u00fcr zust\u00e4ndigen Gruppe. Hierdurch k\u00f6nnen Doppelentwicklungen vermieden werden.<\/p>\n\n\n\n<p>Die Organisationen, die ihre Mitarbeiter entsenden, und die Mitarbeiter selbst profitieren zum einen von einer Kostenreduktion, da es weniger, daf\u00fcr aber effizientere Arbeitsgruppentreffen gibt. Zum anderen bauen die Teilnehmer Knowhow auf, da die Themen \u00fcber den Wirkungsgrad ihrer bisherigen Organisationen hinausgehen.<\/p>\n<\/div>\n<\/div><\/section>\n\n\n\n<section class=\"wp-block-themeisle-blocks-advanced-columns alignfull has-2-columns has-desktop-equal-layout has-tablet-equal-layout has-mobile-collapsedRows-layout has-nogap-gap has-vertical-flex-start\" id=\"wp-block-themeisle-blocks-advanced-columns-c0ab25d9\"><div class=\"wp-block-themeisle-blocks-advanced-columns-overlay\"><\/div><div class=\"innerblocks-wrap\">\n<div class=\"wp-block-themeisle-blocks-advanced-column\" id=\"wp-block-themeisle-blocks-advanced-column-48283c7a\">\n<h2 class=\"has-text-align-left wp-block-heading\">Themen<\/h2>\n<\/div>\n\n\n\n<div class=\"wp-block-themeisle-blocks-advanced-column\" id=\"wp-block-themeisle-blocks-advanced-column-eeca1b1b\">\n<p class=\"has-drop-cap\">Beispiele sind die Profile und Leitf\u00e4den f\u00fcr elektronische Arztbriefe, zur \u00dcbermittlung von Informationen im Bereich der Pflege, der Pathologie, Entlassungsberichte f\u00fcr Behandlungen in Rehabilitationseinrichtungen und Unfallkliniken. Des Weiteren werden die Arbeiten an den so genannten FHIR Basisprofilen besprochen. Auch die IHE Integrationsprofile wie XDS und deren Zusammenspiel im ambulanten und station\u00e4ren Sektor oder sektoren\u00fcbergreifend sind Gegenstand der Treffen. Schlie\u00dflich werden auch Fragen zum Einsatz von HL7 v2.x, CDA und FHIR sowie den IHE-Profilen im Zusammenhang mit aktuellen gesetzlichen oder sonstigen marktrelevanten Entwicklungen qualifiziert beantwortet.<\/p>\n<\/div>\n<\/div><\/section>\n\n\n\n<section class=\"wp-block-themeisle-blocks-advanced-columns alignfull has-2-columns has-desktop-equal-layout has-tablet-equal-layout has-mobile-collapsedRows-layout has-nogap-gap has-vertical-flex-start\" id=\"wp-block-themeisle-blocks-advanced-columns-d367a645\"><div class=\"wp-block-themeisle-blocks-advanced-columns-overlay\"><\/div><div class=\"innerblocks-wrap\">\n<div class=\"wp-block-themeisle-blocks-advanced-column\" id=\"wp-block-themeisle-blocks-advanced-column-03bede03\">\n<h2 class=\"has-text-align-left wp-block-heading\">Ansprechpartner<\/h2>\n<\/div>\n\n\n\n<div class=\"wp-block-themeisle-blocks-advanced-column\" id=\"wp-block-themeisle-blocks-advanced-column-4fe53573\">\n<p class=\"has-drop-cap\">Der&nbsp;<strong>Rat des Interoperabilit\u00e4tsforums<\/strong>&nbsp;setzt sich zusammen aus den Vorsitzenden bzw. Obleuten der vier Gr\u00fcndungsorganisationen. <\/p>\n\n\n\n<p>Im Moment sind folgende Personen Mitglieder des&nbsp;Rats:<\/p>\n\n\n\n<ul class=\"wp-block-list\"><li>Mathias Aschhoff (Vorstand HL7)<\/li><li>Prof. Dr. Sylvia Thun\u00a0(Vorstand HL7)<\/li><li>Dr. Samrend Saboor (Vendor Co-Chair,\u00a0Vorstand IHE)<\/li><li>Thomas Dehne (User\u00a0Co-Chair,\u00a0Vorstand\u00a0IHE)<\/li><li>Dr. Georg Heidenreich (Fachbereichsleiter Medizinische Informatik des <a href=\"http:\/\/din.de\">DIN<\/a>)<\/li><li>NN (Arbeitsgruppe Interoperabilit\u00e4t und Standardisierung des <a href=\"http:\/\/bvitg.de\">bvitg<\/a>)<\/li><\/ul>\n<\/div>\n<\/div><\/section>\n\n\n\n<section class=\"wp-block-themeisle-blocks-advanced-columns alignfull has-2-columns has-desktop-equal-layout has-tablet-equal-layout has-mobile-collapsedRows-layout has-nogap-gap has-vertical-flex-start\" id=\"wp-block-themeisle-blocks-advanced-columns-f5cdd7d8\"><div class=\"wp-block-themeisle-blocks-advanced-columns-overlay\"><\/div><div class=\"innerblocks-wrap\">\n<div class=\"wp-block-themeisle-blocks-advanced-column\" id=\"wp-block-themeisle-blocks-advanced-column-6d50377c\">\n<h2 class=\"has-text-align-left wp-block-heading\">Einladung zum Mitwirken<\/h2>\n<\/div>\n\n\n\n<div class=\"wp-block-themeisle-blocks-advanced-column\" id=\"wp-block-themeisle-blocks-advanced-column-49cd0a3a\">\n<p class=\"has-drop-cap\">Zu diesem Treffen sind alle eingeladen, die zu einer Fortf\u00fchrung der Themen sowie Verbesserung der Ergebnisse beitragen k\u00f6nnen. Auf diese Weise soll erreicht werden, dass alle Experten gemeinsam an der Realisierung der Ziele mitwirken und gegenl\u00e4ufige Entwicklungen vermieden werden.<\/p>\n\n\n\n<p>Das Interoperabilit\u00e4tsforum legt gro\u00dfen Wert auf offene Beteiligung an den Aktivit\u00e4ten. Deshalb sind alle Interessierten willkommen, egal ob sie Mitglied bei einer der beteiligten Organisationen sind oder nicht.<\/p>\n\n\n\n<p>Es gibt zwei m\u00f6gliche Formen einer Beteiligung: Anfragen und die Teilnahme an Treffen.<\/p>\n\n\n\n<p>Interoperable L\u00f6sungen k\u00f6nnen nur entstehen, wenn eine gemeinsame Basis geschaffen wird. Deshalb sollte vor jedem Vorhaben gepr\u00fcft werden, ob es nicht bereits konkrete Vorgaben oder L\u00f6sungsans\u00e4tze gibt. Die deutschen Nachrichtenprofile oder der VHitG-Arztbrief sind Beispiele daf\u00fcr.<\/p>\n\n\n\n<p>Sollten sich Fragen ergeben, so k\u00f6nnen diese an die Community gestellt werden. F\u00fcr&nbsp;<strong>Anfragen<\/strong>&nbsp;stehen Email und ein Kontaktformular zur Verf\u00fcgung.&nbsp;Wir versuchen, Anfragen m\u00f6glichst zeitnah zu bearbeiten und zu beantworten. Die Ergebnisse werden Ihnen mitgeteilt und auf ver\u00f6ffentlicht.<\/p>\n\n\n\n<p>Sie k\u00f6nnen an den&nbsp;<strong>Treffen<\/strong>&nbsp;des Interoperabilit\u00e4tsforums teilnehmen, die mehrmals j\u00e4hrlich an wechselnden Orten stattfinden. Termine und die vorgesehene Agenda werden vorab ver\u00f6ffentlicht. Die behandelten Themen werden auch durch eingereichte Anfragen mitbestimmt.&nbsp;Themen und Arbeitspakete werden in Form von Projekten organisiert und werden durch die &#8222;Projektleiter\/Ansprechpartner&#8220; auf freiwilliger Basis vorangetrieben. Aufgrund des freiwilligen Charakters k\u00f6nnen wir zurzeit keine Garantie f\u00fcr eine kurzfristige Beantwortung geben.<\/p>\n<\/div>\n<\/div><\/section>\n\n\n\n<p><\/p>\n","protected":false},"excerpt":{"rendered":"","protected":false},"author":1,"featured_media":0,"parent":0,"menu_order":0,"comment_status":"closed","ping_status":"closed","template":"","meta":{"footnotes":""},"class_list":["post-163","page","type-page","status-publish","hentry"],"yoast_head":"<!-- This site is optimized with the Yoast SEO plugin v27.4 - https:\/\/yoast.com\/product\/yoast-seo-wordpress\/ -->\n<title>Mit Interoperabilit\u00e4t voraus! - Das&nbsp;Interoperabilit\u00e4tsforum<\/title>\n<meta name=\"robots\" content=\"noindex, follow, max-snippet:-1, max-image-preview:large, max-video-preview:-1\" \/>\n<meta property=\"og:locale\" content=\"de_DE\" \/>\n<meta property=\"og:type\" content=\"article\" \/>\n<meta property=\"og:title\" content=\"Mit Interoperabilit\u00e4t voraus! - Das&nbsp;Interoperabilit\u00e4tsforum\" \/>\n<meta property=\"og:url\" content=\"https:\/\/interoperabilitaetsforum.de\/index.php\/mit-interoperabilitaet-voraus\/\" \/>\n<meta property=\"og:site_name\" content=\"Das&nbsp;Interoperabilit\u00e4tsforum\" \/>\n<meta property=\"article:modified_time\" content=\"2023-05-30T12:37:33+00:00\" \/>\n<meta property=\"og:image\" content=\"https:\/\/interoperabilitaetsforum.de\/wp-content\/uploads\/2021\/01\/IMG_8485-1024x768.jpeg\" \/>\n<meta name=\"twitter:card\" content=\"summary_large_image\" \/>\n<meta name=\"twitter:label1\" content=\"Gesch\u00e4tzte Lesezeit\" \/>\n\t<meta name=\"twitter:data1\" content=\"3\u00a0Minuten\" \/>\n<script type=\"application\/ld+json\" class=\"yoast-schema-graph\">{\"@context\":\"https:\\\/\\\/schema.org\",\"@graph\":[{\"@type\":\"WebPage\",\"@id\":\"https:\\\/\\\/interoperabilitaetsforum.de\\\/index.php\\\/mit-interoperabilitaet-voraus\\\/\",\"url\":\"https:\\\/\\\/interoperabilitaetsforum.de\\\/index.php\\\/mit-interoperabilitaet-voraus\\\/\",\"name\":\"Mit Interoperabilit\u00e4t voraus! - Das&nbsp;Interoperabilit\u00e4tsforum\",\"isPartOf\":{\"@id\":\"https:\\\/\\\/interoperabilitaetsforum.de\\\/#website\"},\"primaryImageOfPage\":{\"@id\":\"https:\\\/\\\/interoperabilitaetsforum.de\\\/index.php\\\/mit-interoperabilitaet-voraus\\\/#primaryimage\"},\"image\":{\"@id\":\"https:\\\/\\\/interoperabilitaetsforum.de\\\/index.php\\\/mit-interoperabilitaet-voraus\\\/#primaryimage\"},\"thumbnailUrl\":\"https:\\\/\\\/interoperabilitaetsforum.de\\\/wp-content\\\/uploads\\\/2021\\\/01\\\/IMG_8485-1024x768.jpeg\",\"datePublished\":\"2020-12-01T13:27:51+00:00\",\"dateModified\":\"2023-05-30T12:37:33+00:00\",\"breadcrumb\":{\"@id\":\"https:\\\/\\\/interoperabilitaetsforum.de\\\/index.php\\\/mit-interoperabilitaet-voraus\\\/#breadcrumb\"},\"inLanguage\":\"de\",\"potentialAction\":[{\"@type\":\"ReadAction\",\"target\":[\"https:\\\/\\\/interoperabilitaetsforum.de\\\/index.php\\\/mit-interoperabilitaet-voraus\\\/\"]}]},{\"@type\":\"ImageObject\",\"inLanguage\":\"de\",\"@id\":\"https:\\\/\\\/interoperabilitaetsforum.de\\\/index.php\\\/mit-interoperabilitaet-voraus\\\/#primaryimage\",\"url\":\"https:\\\/\\\/interoperabilitaetsforum.de\\\/wp-content\\\/uploads\\\/2021\\\/01\\\/IMG_8485.jpeg\",\"contentUrl\":\"https:\\\/\\\/interoperabilitaetsforum.de\\\/wp-content\\\/uploads\\\/2021\\\/01\\\/IMG_8485.jpeg\",\"width\":2016,\"height\":1512},{\"@type\":\"BreadcrumbList\",\"@id\":\"https:\\\/\\\/interoperabilitaetsforum.de\\\/index.php\\\/mit-interoperabilitaet-voraus\\\/#breadcrumb\",\"itemListElement\":[{\"@type\":\"ListItem\",\"position\":1,\"name\":\"Home\",\"item\":\"https:\\\/\\\/interoperabilitaetsforum.de\\\/\"},{\"@type\":\"ListItem\",\"position\":2,\"name\":\"Mit Interoperabilit\u00e4t voraus!\"}]},{\"@type\":\"WebSite\",\"@id\":\"https:\\\/\\\/interoperabilitaetsforum.de\\\/#website\",\"url\":\"https:\\\/\\\/interoperabilitaetsforum.de\\\/\",\"name\":\"Das&nbsp;Interoperabilit\u00e4tsforum\",\"description\":\"Willkommen beim Interoperabilit\u00e4tsforum\",\"potentialAction\":[{\"@type\":\"SearchAction\",\"target\":{\"@type\":\"EntryPoint\",\"urlTemplate\":\"https:\\\/\\\/interoperabilitaetsforum.de\\\/?s={search_term_string}\"},\"query-input\":{\"@type\":\"PropertyValueSpecification\",\"valueRequired\":true,\"valueName\":\"search_term_string\"}}],\"inLanguage\":\"de\"}]}<\/script>\n<!-- \/ Yoast SEO plugin. -->","yoast_head_json":{"title":"Mit Interoperabilit\u00e4t voraus! - Das&nbsp;Interoperabilit\u00e4tsforum","robots":{"index":"noindex","follow":"follow","max-snippet":"max-snippet:-1","max-image-preview":"max-image-preview:large","max-video-preview":"max-video-preview:-1"},"og_locale":"de_DE","og_type":"article","og_title":"Mit Interoperabilit\u00e4t voraus! - Das&nbsp;Interoperabilit\u00e4tsforum","og_url":"https:\/\/interoperabilitaetsforum.de\/index.php\/mit-interoperabilitaet-voraus\/","og_site_name":"Das&nbsp;Interoperabilit\u00e4tsforum","article_modified_time":"2023-05-30T12:37:33+00:00","og_image":[{"url":"https:\/\/interoperabilitaetsforum.de\/wp-content\/uploads\/2021\/01\/IMG_8485-1024x768.jpeg","type":"","width":"","height":""}],"twitter_card":"summary_large_image","twitter_misc":{"Gesch\u00e4tzte Lesezeit":"3\u00a0Minuten"},"schema":{"@context":"https:\/\/schema.org","@graph":[{"@type":"WebPage","@id":"https:\/\/interoperabilitaetsforum.de\/index.php\/mit-interoperabilitaet-voraus\/","url":"https:\/\/interoperabilitaetsforum.de\/index.php\/mit-interoperabilitaet-voraus\/","name":"Mit Interoperabilit\u00e4t voraus! - Das&nbsp;Interoperabilit\u00e4tsforum","isPartOf":{"@id":"https:\/\/interoperabilitaetsforum.de\/#website"},"primaryImageOfPage":{"@id":"https:\/\/interoperabilitaetsforum.de\/index.php\/mit-interoperabilitaet-voraus\/#primaryimage"},"image":{"@id":"https:\/\/interoperabilitaetsforum.de\/index.php\/mit-interoperabilitaet-voraus\/#primaryimage"},"thumbnailUrl":"https:\/\/interoperabilitaetsforum.de\/wp-content\/uploads\/2021\/01\/IMG_8485-1024x768.jpeg","datePublished":"2020-12-01T13:27:51+00:00","dateModified":"2023-05-30T12:37:33+00:00","breadcrumb":{"@id":"https:\/\/interoperabilitaetsforum.de\/index.php\/mit-interoperabilitaet-voraus\/#breadcrumb"},"inLanguage":"de","potentialAction":[{"@type":"ReadAction","target":["https:\/\/interoperabilitaetsforum.de\/index.php\/mit-interoperabilitaet-voraus\/"]}]},{"@type":"ImageObject","inLanguage":"de","@id":"https:\/\/interoperabilitaetsforum.de\/index.php\/mit-interoperabilitaet-voraus\/#primaryimage","url":"https:\/\/interoperabilitaetsforum.de\/wp-content\/uploads\/2021\/01\/IMG_8485.jpeg","contentUrl":"https:\/\/interoperabilitaetsforum.de\/wp-content\/uploads\/2021\/01\/IMG_8485.jpeg","width":2016,"height":1512},{"@type":"BreadcrumbList","@id":"https:\/\/interoperabilitaetsforum.de\/index.php\/mit-interoperabilitaet-voraus\/#breadcrumb","itemListElement":[{"@type":"ListItem","position":1,"name":"Home","item":"https:\/\/interoperabilitaetsforum.de\/"},{"@type":"ListItem","position":2,"name":"Mit Interoperabilit\u00e4t voraus!"}]},{"@type":"WebSite","@id":"https:\/\/interoperabilitaetsforum.de\/#website","url":"https:\/\/interoperabilitaetsforum.de\/","name":"Das&nbsp;Interoperabilit\u00e4tsforum","description":"Willkommen beim Interoperabilit\u00e4tsforum","potentialAction":[{"@type":"SearchAction","target":{"@type":"EntryPoint","urlTemplate":"https:\/\/interoperabilitaetsforum.de\/?s={search_term_string}"},"query-input":{"@type":"PropertyValueSpecification","valueRequired":true,"valueName":"search_term_string"}}],"inLanguage":"de"}]}},"_links":{"self":[{"href":"https:\/\/interoperabilitaetsforum.de\/index.php\/wp-json\/wp\/v2\/pages\/163","targetHints":{"allow":["GET"]}}],"collection":[{"href":"https:\/\/interoperabilitaetsforum.de\/index.php\/wp-json\/wp\/v2\/pages"}],"about":[{"href":"https:\/\/interoperabilitaetsforum.de\/index.php\/wp-json\/wp\/v2\/types\/page"}],"author":[{"embeddable":true,"href":"https:\/\/interoperabilitaetsforum.de\/index.php\/wp-json\/wp\/v2\/users\/1"}],"replies":[{"embeddable":true,"href":"https:\/\/interoperabilitaetsforum.de\/index.php\/wp-json\/wp\/v2\/comments?post=163"}],"version-history":[{"count":10,"href":"https:\/\/interoperabilitaetsforum.de\/index.php\/wp-json\/wp\/v2\/pages\/163\/revisions"}],"predecessor-version":[{"id":442,"href":"https:\/\/interoperabilitaetsforum.de\/index.php\/wp-json\/wp\/v2\/pages\/163\/revisions\/442"}],"wp:attachment":[{"href":"https:\/\/interoperabilitaetsforum.de\/index.php\/wp-json\/wp\/v2\/media?parent=163"}],"curies":[{"name":"wp","href":"https:\/\/api.w.org\/{rel}","templated":true}]}}