{"id":143,"date":"2020-12-01T11:38:37","date_gmt":"2020-12-01T11:38:37","guid":{"rendered":"https:\/\/iopf.lvps178-77-75-191.dedicated.hosteurope.de\/?page_id=143"},"modified":"2024-04-25T09:44:45","modified_gmt":"2024-04-25T09:44:45","slug":"kalender","status":"publish","type":"page","link":"https:\/\/interoperabilitaetsforum.de\/index.php\/kalender\/","title":{"rendered":"Kalender"},"content":{"rendered":"\t\t<div data-elementor-type=\"wp-page\" data-elementor-id=\"143\" class=\"elementor elementor-143\">\n\t\t\t\t\t\t<section class=\"elementor-section elementor-top-section elementor-element elementor-element-48deb3b elementor-section-boxed elementor-section-height-default elementor-section-height-default\" data-id=\"48deb3b\" data-element_type=\"section\" data-e-type=\"section\">\n\t\t\t\t\t\t<div class=\"elementor-container elementor-column-gap-default\">\n\t\t\t\t\t<div class=\"elementor-column elementor-col-100 elementor-top-column elementor-element elementor-element-7975567\" data-id=\"7975567\" data-element_type=\"column\" data-e-type=\"column\">\n\t\t\t<div class=\"elementor-widget-wrap elementor-element-populated\">\n\t\t\t\t\t\t<div class=\"elementor-element elementor-element-faa41ae elementor-widget elementor-widget-text-editor\" data-id=\"faa41ae\" data-element_type=\"widget\" data-e-type=\"widget\" data-widget_type=\"text-editor.default\">\n\t\t\t\t<div class=\"elementor-widget-container\">\n\t\t\t\t\t\t\t\t\t<p>N\u00e4chster Termin, Agenda, Informationen und Anmeldung<\/p>\n<p><iframe src=\"https:\/\/next.interoperabilitaetsforum.de\" height=\"30px\" title=\"N\u00e4chstes Treffen\"><\/iframe><\/p>\t\t\t\t\t\t\t\t<\/div>\n\t\t\t\t<\/div>\n\t\t\t\t\t<\/div>\n\t\t<\/div>\n\t\t\t\t\t<\/div>\n\t\t<\/section>\n\t\t\t\t<section class=\"elementor-section elementor-top-section elementor-element elementor-element-eed0d44 elementor-section-boxed elementor-section-height-default elementor-section-height-default\" data-id=\"eed0d44\" data-element_type=\"section\" data-e-type=\"section\">\n\t\t\t\t\t\t<div class=\"elementor-container elementor-column-gap-default\">\n\t\t\t\t\t<div class=\"elementor-column elementor-col-100 elementor-top-column elementor-element elementor-element-3389de5b\" data-id=\"3389de5b\" data-element_type=\"column\" data-e-type=\"column\">\n\t\t\t<div class=\"elementor-widget-wrap elementor-element-populated\">\n\t\t\t\t\t\t<div class=\"elementor-element elementor-element-569ae4a8 elementor-widget elementor-widget-text-editor\" data-id=\"569ae4a8\" data-element_type=\"widget\" data-e-type=\"widget\" data-widget_type=\"text-editor.default\">\n\t\t\t\t<div class=\"elementor-widget-container\">\n\t\t\t\t\t\t\t\t\t<p><\/p>\n<p><span style=\"font-size: inherit;\">Gemeinsamer Kalender des Interoperabilit\u00e4tsforums,\u00a0<\/span><a href=\"http:\/\/www.hl7.de\/\" style=\"font-size: inherit;\">HL7 Deutschland<\/a><span style=\"font-size: inherit;\">,\u00a0<\/span><a href=\"http:\/\/www.ihe-d.de\/\" style=\"font-size: inherit;\">IHE Deutschland<\/a><span style=\"font-size: inherit;\">und\u00a0<\/span><a href=\"http:\/\/www.sitig.de\/\" style=\"font-size: inherit;\">SITIG<\/a><\/p>\n<p><\/p>\n<p><br \/><iframe width=\"800\" height=\"600\" style=\"border: 0;\" src=\"https:\/\/calendar.google.com\/calendar\/embed?src=ef8d7efcck45vnj6d6ag5htjus%40group.calendar.google.com&amp;ctz=Europe%2FBerlin\" frameborder=\"0\" scrolling=\"no\"><\/iframe><br \/><\/p>\t\t\t\t\t\t\t\t<\/div>\n\t\t\t\t<\/div>\n\t\t\t\t\t<\/div>\n\t\t<\/div>\n\t\t\t\t\t<\/div>\n\t\t<\/section>\n\t\t\t\t<\/div>\n\t\t","protected":false},"excerpt":{"rendered":"<p>N\u00e4chster Termin, Agenda, Informationen und Anmeldung Gemeinsamer Kalender des Interoperabilit\u00e4tsforums,\u00a0HL7 Deutschland,\u00a0IHE Deutschlandund\u00a0SITIG<\/p>\n","protected":false},"author":1,"featured_media":0,"parent":0,"menu_order":0,"comment_status":"closed","ping_status":"closed","template":"","meta":{"footnotes":""},"class_list":["post-143","page","type-page","status-publish","hentry"],"yoast_head":"<!-- This site is optimized with the Yoast SEO plugin v27.4 - https:\/\/yoast.com\/product\/yoast-seo-wordpress\/ -->\n<title>Kalender - Das&nbsp;Interoperabilit\u00e4tsforum<\/title>\n<meta name=\"robots\" content=\"noindex, follow, max-snippet:-1, max-image-preview:large, max-video-preview:-1\" \/>\n<meta property=\"og:locale\" content=\"de_DE\" \/>\n<meta property=\"og:type\" content=\"article\" \/>\n<meta property=\"og:title\" content=\"Kalender - Das&nbsp;Interoperabilit\u00e4tsforum\" \/>\n<meta property=\"og:description\" content=\"N\u00e4chster Termin, Agenda, Informationen und Anmeldung Gemeinsamer Kalender des Interoperabilit\u00e4tsforums,\u00a0HL7 Deutschland,\u00a0IHE Deutschlandund\u00a0SITIG\" \/>\n<meta property=\"og:url\" content=\"https:\/\/interoperabilitaetsforum.de\/index.php\/kalender\/\" \/>\n<meta property=\"og:site_name\" content=\"Das&nbsp;Interoperabilit\u00e4tsforum\" \/>\n<meta property=\"article:modified_time\" content=\"2024-04-25T09:44:45+00:00\" \/>\n<meta name=\"twitter:card\" content=\"summary_large_image\" \/>\n<meta name=\"twitter:label1\" content=\"Gesch\u00e4tzte Lesezeit\" \/>\n\t<meta name=\"twitter:data1\" content=\"1\u00a0Minute\" \/>\n<script type=\"application\/ld+json\" class=\"yoast-schema-graph\">{\"@context\":\"https:\\\/\\\/schema.org\",\"@graph\":[{\"@type\":\"WebPage\",\"@id\":\"https:\\\/\\\/interoperabilitaetsforum.de\\\/index.php\\\/kalender\\\/\",\"url\":\"https:\\\/\\\/interoperabilitaetsforum.de\\\/index.php\\\/kalender\\\/\",\"name\":\"Kalender - Das&nbsp;Interoperabilit\u00e4tsforum\",\"isPartOf\":{\"@id\":\"https:\\\/\\\/interoperabilitaetsforum.de\\\/#website\"},\"datePublished\":\"2020-12-01T11:38:37+00:00\",\"dateModified\":\"2024-04-25T09:44:45+00:00\",\"breadcrumb\":{\"@id\":\"https:\\\/\\\/interoperabilitaetsforum.de\\\/index.php\\\/kalender\\\/#breadcrumb\"},\"inLanguage\":\"de\",\"potentialAction\":[{\"@type\":\"ReadAction\",\"target\":[\"https:\\\/\\\/interoperabilitaetsforum.de\\\/index.php\\\/kalender\\\/\"]}]},{\"@type\":\"BreadcrumbList\",\"@id\":\"https:\\\/\\\/interoperabilitaetsforum.de\\\/index.php\\\/kalender\\\/#breadcrumb\",\"itemListElement\":[{\"@type\":\"ListItem\",\"position\":1,\"name\":\"Home\",\"item\":\"https:\\\/\\\/interoperabilitaetsforum.de\\\/\"},{\"@type\":\"ListItem\",\"position\":2,\"name\":\"Kalender\"}]},{\"@type\":\"WebSite\",\"@id\":\"https:\\\/\\\/interoperabilitaetsforum.de\\\/#website\",\"url\":\"https:\\\/\\\/interoperabilitaetsforum.de\\\/\",\"name\":\"Das&nbsp;Interoperabilit\u00e4tsforum\",\"description\":\"Willkommen beim Interoperabilit\u00e4tsforum\",\"potentialAction\":[{\"@type\":\"SearchAction\",\"target\":{\"@type\":\"EntryPoint\",\"urlTemplate\":\"https:\\\/\\\/interoperabilitaetsforum.de\\\/?s={search_term_string}\"},\"query-input\":{\"@type\":\"PropertyValueSpecification\",\"valueRequired\":true,\"valueName\":\"search_term_string\"}}],\"inLanguage\":\"de\"}]}<\/script>\n<!-- \/ Yoast SEO plugin. -->","yoast_head_json":{"title":"Kalender - Das&nbsp;Interoperabilit\u00e4tsforum","robots":{"index":"noindex","follow":"follow","max-snippet":"max-snippet:-1","max-image-preview":"max-image-preview:large","max-video-preview":"max-video-preview:-1"},"og_locale":"de_DE","og_type":"article","og_title":"Kalender - Das&nbsp;Interoperabilit\u00e4tsforum","og_description":"N\u00e4chster Termin, Agenda, Informationen und Anmeldung Gemeinsamer Kalender des Interoperabilit\u00e4tsforums,\u00a0HL7 Deutschland,\u00a0IHE Deutschlandund\u00a0SITIG","og_url":"https:\/\/interoperabilitaetsforum.de\/index.php\/kalender\/","og_site_name":"Das&nbsp;Interoperabilit\u00e4tsforum","article_modified_time":"2024-04-25T09:44:45+00:00","twitter_card":"summary_large_image","twitter_misc":{"Gesch\u00e4tzte Lesezeit":"1\u00a0Minute"},"schema":{"@context":"https:\/\/schema.org","@graph":[{"@type":"WebPage","@id":"https:\/\/interoperabilitaetsforum.de\/index.php\/kalender\/","url":"https:\/\/interoperabilitaetsforum.de\/index.php\/kalender\/","name":"Kalender - Das&nbsp;Interoperabilit\u00e4tsforum","isPartOf":{"@id":"https:\/\/interoperabilitaetsforum.de\/#website"},"datePublished":"2020-12-01T11:38:37+00:00","dateModified":"2024-04-25T09:44:45+00:00","breadcrumb":{"@id":"https:\/\/interoperabilitaetsforum.de\/index.php\/kalender\/#breadcrumb"},"inLanguage":"de","potentialAction":[{"@type":"ReadAction","target":["https:\/\/interoperabilitaetsforum.de\/index.php\/kalender\/"]}]},{"@type":"BreadcrumbList","@id":"https:\/\/interoperabilitaetsforum.de\/index.php\/kalender\/#breadcrumb","itemListElement":[{"@type":"ListItem","position":1,"name":"Home","item":"https:\/\/interoperabilitaetsforum.de\/"},{"@type":"ListItem","position":2,"name":"Kalender"}]},{"@type":"WebSite","@id":"https:\/\/interoperabilitaetsforum.de\/#website","url":"https:\/\/interoperabilitaetsforum.de\/","name":"Das&nbsp;Interoperabilit\u00e4tsforum","description":"Willkommen beim Interoperabilit\u00e4tsforum","potentialAction":[{"@type":"SearchAction","target":{"@type":"EntryPoint","urlTemplate":"https:\/\/interoperabilitaetsforum.de\/?s={search_term_string}"},"query-input":{"@type":"PropertyValueSpecification","valueRequired":true,"valueName":"search_term_string"}}],"inLanguage":"de"}]}},"_links":{"self":[{"href":"https:\/\/interoperabilitaetsforum.de\/index.php\/wp-json\/wp\/v2\/pages\/143","targetHints":{"allow":["GET"]}}],"collection":[{"href":"https:\/\/interoperabilitaetsforum.de\/index.php\/wp-json\/wp\/v2\/pages"}],"about":[{"href":"https:\/\/interoperabilitaetsforum.de\/index.php\/wp-json\/wp\/v2\/types\/page"}],"author":[{"embeddable":true,"href":"https:\/\/interoperabilitaetsforum.de\/index.php\/wp-json\/wp\/v2\/users\/1"}],"replies":[{"embeddable":true,"href":"https:\/\/interoperabilitaetsforum.de\/index.php\/wp-json\/wp\/v2\/comments?post=143"}],"version-history":[{"count":15,"href":"https:\/\/interoperabilitaetsforum.de\/index.php\/wp-json\/wp\/v2\/pages\/143\/revisions"}],"predecessor-version":[{"id":460,"href":"https:\/\/interoperabilitaetsforum.de\/index.php\/wp-json\/wp\/v2\/pages\/143\/revisions\/460"}],"wp:attachment":[{"href":"https:\/\/interoperabilitaetsforum.de\/index.php\/wp-json\/wp\/v2\/media?parent=143"}],"curies":[{"name":"wp","href":"https:\/\/api.w.org\/{rel}","templated":true}]}}